{"id":16,"date":"2026-04-10T20:23:19","date_gmt":"2026-04-10T20:23:19","guid":{"rendered":"https:\/\/postrzelony.pl\/?page_id=16"},"modified":"2026-04-10T20:34:33","modified_gmt":"2026-04-10T20:34:33","slug":"o-nas","status":"publish","type":"page","link":"https:\/\/postrzelony.pl\/?page_id=16","title":{"rendered":"O nas"},"content":{"rendered":"\n<h2 class=\"wp-block-heading\"><strong>Postrzeleni z pasji, profesjonalni z wyboru<\/strong><\/h2>\n\n\n\n<p>Nie jeste\u015bmy tu z przypadku. Nasza historia nie zacz\u0119\u0142a si\u0119 od przegl\u0105dania internetowych for\u00f3w, ale od zapachu prochu i wsp\u00f3lnych wypad\u00f3w do lasu, kt\u00f3rymi lata temu zarazi\u0142 nas tata. To on pokaza\u0142 nam, \u017ce strzelectwo to nie tylko trafianie do celu, ale przede wszystkim lekcja pokory, odpowiedzialno\u015bci i niesamowita przygoda. Z rodzinnej pasji narodzi\u0142o si\u0119 <strong>Stowarzyszenie<\/strong>, kt\u00f3re dzi\u015b jest fundamentem wszystkiego, co tu robimy.<\/p>\n\n\n\n<h3 class=\"wp-block-heading\">Dlaczego \u201ePostrzelony\u201d?<\/h3>\n\n\n\n<p>Nazwa naszego portalu to te\u017c nie przypadek, a gra s\u0142\u00f3w, kt\u00f3ra najlepiej oddaje nasz charakter. Z jednej strony \u2013 zajmujemy si\u0119 strzelectwem w ka\u017cdym jego wydaniu. Z drugiej \u2013 mamy ten specyficzny, niecodzienny styl bycia i dystans do rzeczywisto\u015bci, kt\u00f3ry niekt\u00f3rzy nazywaj\u0105 \u201ebyciem postrzelonym\u201d.<\/p>\n\n\n\n<p>Po\u0142\u0105czyli\u015bmy kropki: <strong>niecodzienny styl \u017cycia + pasja do broni = Postrzelony.pl<\/strong>.<\/p>\n\n\n\n<p>Wierzymy, \u017ce strzelectwo i outdoor to idealny poligon dla mocnych charakter\u00f3w, ale te\u017c miejsce, gdzie jest czas na u\u015bmiech i bycie sob\u0105. Nie znajdziesz tu nad\u0119tego profesjonalizmu \u2013 znajdziesz za to autentyczno\u015b\u0107 i ludzi, kt\u00f3rzy wiedz\u0105, co robi\u0105.<\/p>\n\n\n\n<h3 class=\"wp-block-heading\">Nasza Misja: Wyci\u0105gn\u0105\u0107 Ci\u0119 z domu<\/h3>\n\n\n\n<p>Nie budujemy tej strony tylko po to, by pisa\u0107 o lasach i kalibrach. Naszym celem jest <strong>popularyzacja wiedzy<\/strong>, kt\u00f3ra jest przyst\u0119pna, rzetelna i bezpieczna. Chcemy odczarowa\u0107 strzelectwo i pokaza\u0107, \u017ce to pasja dla ka\u017cdego, kto ceni sobie aktywny wypoczynek na \u015bwie\u017cym powietrzu.<\/p>\n\n\n\n<p><strong>Co tu znajdziesz?<\/strong><\/p>\n\n\n\n<ul class=\"wp-block-list\">\n<li><strong>Wiedz\u0119 w pigu\u0142ce:<\/strong> Przesiewamy informacje, by dostarcza\u0107 Ci tylko to, co istotne.<\/li>\n\n\n\n<li><strong>Inspiracj\u0119 do wyj\u015bcia w teren:<\/strong> Bo najlepsze historie pisz\u0105 si\u0119 poza zasi\u0119giem Wi-Fi.<\/li>\n\n\n\n<li><strong>Spo\u0142eczno\u015b\u0107:<\/strong> Tworzon\u0105 przez rodzinne stowarzyszenie, dla kt\u00f3rego strzelectwo to styl \u017cycia.<\/li>\n<\/ul>\n\n\n\n<p>Jeste\u015bmy tu, by pokaza\u0107 Ci, \u017ce warto by\u0107 troch\u0119 \u201epostrzelonym\u201d na punkcie swoich pasji.<\/p>\n\n\n\n<p><\/p>\n","protected":false},"excerpt":{"rendered":"<p>Postrzeleni z pasji, profesjonalni z wyboru Nie jeste\u015bmy tu z przypadku. Nasza historia nie zacz\u0119\u0142a si\u0119 od przegl\u0105dania internetowych for\u00f3w, ale od zapachu prochu i wsp\u00f3lnych wypad\u00f3w do lasu, kt\u00f3rymi lata temu zarazi\u0142 nas tata. To on pokaza\u0142 nam, \u017ce strzelectwo to nie tylko trafianie do celu, ale przede wszystkim lekcja pokory, odpowiedzialno\u015bci i niesamowita [&hellip;]<\/p>\n","protected":false},"author":1,"featured_media":0,"parent":0,"menu_order":0,"comment_status":"closed","ping_status":"closed","template":"","meta":{"footnotes":""},"class_list":["post-16","page","type-page","status-publish","hentry"],"_links":{"self":[{"href":"https:\/\/postrzelony.pl\/index.php?rest_route=\/wp\/v2\/pages\/16","targetHints":{"allow":["GET"]}}],"collection":[{"href":"https:\/\/postrzelony.pl\/index.php?rest_route=\/wp\/v2\/pages"}],"about":[{"href":"https:\/\/postrzelony.pl\/index.php?rest_route=\/wp\/v2\/types\/page"}],"author":[{"embeddable":true,"href":"https:\/\/postrzelony.pl\/index.php?rest_route=\/wp\/v2\/users\/1"}],"replies":[{"embeddable":true,"href":"https:\/\/postrzelony.pl\/index.php?rest_route=%2Fwp%2Fv2%2Fcomments&post=16"}],"version-history":[{"count":2,"href":"https:\/\/postrzelony.pl\/index.php?rest_route=\/wp\/v2\/pages\/16\/revisions"}],"predecessor-version":[{"id":19,"href":"https:\/\/postrzelony.pl\/index.php?rest_route=\/wp\/v2\/pages\/16\/revisions\/19"}],"wp:attachment":[{"href":"https:\/\/postrzelony.pl\/index.php?rest_route=%2Fwp%2Fv2%2Fmedia&parent=16"}],"curies":[{"name":"wp","href":"https:\/\/api.w.org\/{rel}","templated":true}]}}