{"id":11,"date":"2026-04-10T16:02:33","date_gmt":"2026-04-10T16:02:33","guid":{"rendered":"https:\/\/postrzelony.pl\/?page_id=11"},"modified":"2026-04-10T21:29:06","modified_gmt":"2026-04-10T21:29:06","slug":"blog","status":"publish","type":"page","link":"https:\/\/postrzelony.pl\/?page_id=11","title":{"rendered":"Blog"},"content":{"rendered":"<ul class=\"wp-block-latest-posts__list wp-block-latest-posts\"><li><a class=\"wp-block-latest-posts__post-title\" href=\"https:\/\/postrzelony.pl\/?p=87\">Sk\u0105d si\u0119 wzi\u0119\u0142y nazwy? Historia marek Glock, Colt i Smith &amp; Wesson.<\/a><\/li>\n<li><a class=\"wp-block-latest-posts__post-title\" href=\"https:\/\/postrzelony.pl\/?p=75\">Najdziwniejsze prototypy broni w historii \u2013 konstrukcje, kt\u00f3re nie mia\u0142y prawa dzia\u0142a\u0107.<\/a><\/li>\n<li><a class=\"wp-block-latest-posts__post-title\" href=\"https:\/\/postrzelony.pl\/?p=72\">Buty taktyczne czy trekkingowe? Kiedy postawi\u0107 na militarn\u0105 wytrzyma\u0142o\u015b\u0107?<\/a><\/li>\n<li><a class=\"wp-block-latest-posts__post-title\" href=\"https:\/\/postrzelony.pl\/?p=69\">Bushcraftowa apteczka \u2013 co musisz mie\u0107 przy sobie, gdy pomoc jest daleko?<\/a><\/li>\n<li><a class=\"wp-block-latest-posts__post-title\" href=\"https:\/\/postrzelony.pl\/?p=43\">Zasady BLOS \u2013 fundament Twojego bezpiecze\u0144stwa na strzelnicy i poza ni\u0105.<\/a><\/li>\n<\/ul>","protected":false},"excerpt":{"rendered":"","protected":false},"author":1,"featured_media":0,"parent":0,"menu_order":0,"comment_status":"closed","ping_status":"closed","template":"","meta":{"footnotes":""},"class_list":["post-11","page","type-page","status-publish","hentry"],"_links":{"self":[{"href":"https:\/\/postrzelony.pl\/index.php?rest_route=\/wp\/v2\/pages\/11","targetHints":{"allow":["GET"]}}],"collection":[{"href":"https:\/\/postrzelony.pl\/index.php?rest_route=\/wp\/v2\/pages"}],"about":[{"href":"https:\/\/postrzelony.pl\/index.php?rest_route=\/wp\/v2\/types\/page"}],"author":[{"embeddable":true,"href":"https:\/\/postrzelony.pl\/index.php?rest_route=\/wp\/v2\/users\/1"}],"replies":[{"embeddable":true,"href":"https:\/\/postrzelony.pl\/index.php?rest_route=%2Fwp%2Fv2%2Fcomments&post=11"}],"version-history":[{"count":3,"href":"https:\/\/postrzelony.pl\/index.php?rest_route=\/wp\/v2\/pages\/11\/revisions"}],"predecessor-version":[{"id":42,"href":"https:\/\/postrzelony.pl\/index.php?rest_route=\/wp\/v2\/pages\/11\/revisions\/42"}],"wp:attachment":[{"href":"https:\/\/postrzelony.pl\/index.php?rest_route=%2Fwp%2Fv2%2Fmedia&parent=11"}],"curies":[{"name":"wp","href":"https:\/\/api.w.org\/{rel}","templated":true}]}}